{"id":142,"date":"2020-05-02T19:18:55","date_gmt":"2020-05-02T18:18:55","guid":{"rendered":"http:\/\/www.akademiapanajana.pl\/?page_id=142"},"modified":"2020-05-03T22:23:41","modified_gmt":"2020-05-03T21:23:41","slug":"w-bibliotece","status":"publish","type":"page","link":"https:\/\/www.akademiapanajana.pl\/index.php\/w-bibliotece\/","title":{"rendered":"W bibliotece"},"content":{"rendered":"<p>[et_pb_section fb_built=&#8221;1&#8243; fullwidth=&#8221;on&#8221; _builder_version=&#8221;4.4.5&#8243;][et_pb_fullwidth_image src=&#8221;https:\/\/www.akademiapanajana.pl\/wp-content\/uploads\/2020\/05\/33.jpg&#8221; _builder_version=&#8221;4.4.5&#8243; hover_enabled=&#8221;0&#8243;][\/et_pb_fullwidth_image][\/et_pb_section][et_pb_section fb_built=&#8221;1&#8243; _builder_version=&#8221;4.4.5&#8243;][et_pb_row _builder_version=&#8221;4.4.5&#8243;][et_pb_column type=&#8221;4_4&#8243; _builder_version=&#8221;4.4.5&#8243;][et_pb_text _builder_version=&#8221;4.4.5&#8243; header_line_height=&#8221;1.5em&#8221; header_3_line_height=&#8221;1.4em&#8221;]<\/p>\n<h3><span>Zimowa edycja Akademii Pana Jana mia\u0142a miejsce w Miejsko-Gminnej Bibliotece Publicznej w I\u0142\u017cy, w grudniu 2018 roku. <\/span><\/h3>\n<h3><span>Tym razem Rodzice i Dziadkowie czytali swoim pociechom wiersze poety. \u201eMalinowy Chru\u015bniak\u201d by\u0142 z nami, byli te\u017c inni bajkowi go\u015bcie.<\/span><\/h3>\n<p>[\/et_pb_text][\/et_pb_column][\/et_pb_row][et_pb_row _builder_version=&#8221;4.4.5&#8243;][et_pb_column type=&#8221;4_4&#8243; _builder_version=&#8221;4.4.5&#8243;][et_pb_divider _builder_version=&#8221;4.4.5&#8243; width=&#8221;10%&#8221; module_alignment=&#8221;center&#8221;][\/et_pb_divider][\/et_pb_column][\/et_pb_row][et_pb_row _builder_version=&#8221;4.4.5&#8243;][et_pb_column type=&#8221;4_4&#8243; _builder_version=&#8221;4.4.5&#8243;][et_pb_gallery gallery_ids=&#8221;308,307,306,305,304,303,302,301,300,299,298,297,296,295,293,292,291,290,289,288,287,286,285,284,283,282,281,280,279,278,277,276,275,274,273,272,271,270,269,268,267,266,265,264,263,262,261,260,259&#8243; posts_number=&#8221;12&#8243; show_title_and_caption=&#8221;off&#8221; _builder_version=&#8221;4.4.5&#8243;][\/et_pb_gallery][\/et_pb_column][\/et_pb_row][\/et_pb_section]<\/p>\n","protected":false},"excerpt":{"rendered":"<p>Zimowa edycja Akademii Pana Jana mia\u0142a miejsce w Miejsko-Gminnej Bibliotece Publicznej w I\u0142\u017cy, w grudniu 2018 roku. Tym razem Rodzice i Dziadkowie czytali swoim pociechom wiersze poety. \u201eMalinowy Chru\u015bniak\u201d by\u0142 z nami, byli te\u017c inni bajkowi go\u015bcie.<\/p>\n","protected":false},"author":1,"featured_media":0,"parent":0,"menu_order":0,"comment_status":"closed","ping_status":"closed","template":"","meta":{"_et_pb_use_builder":"on","_et_pb_old_content":"","_et_gb_content_width":"","footnotes":""},"class_list":["post-142","page","type-page","status-publish","hentry"],"_links":{"self":[{"href":"https:\/\/www.akademiapanajana.pl\/index.php\/wp-json\/wp\/v2\/pages\/142","targetHints":{"allow":["GET"]}}],"collection":[{"href":"https:\/\/www.akademiapanajana.pl\/index.php\/wp-json\/wp\/v2\/pages"}],"about":[{"href":"https:\/\/www.akademiapanajana.pl\/index.php\/wp-json\/wp\/v2\/types\/page"}],"author":[{"embeddable":true,"href":"https:\/\/www.akademiapanajana.pl\/index.php\/wp-json\/wp\/v2\/users\/1"}],"replies":[{"embeddable":true,"href":"https:\/\/www.akademiapanajana.pl\/index.php\/wp-json\/wp\/v2\/comments?post=142"}],"version-history":[{"count":9,"href":"https:\/\/www.akademiapanajana.pl\/index.php\/wp-json\/wp\/v2\/pages\/142\/revisions"}],"predecessor-version":[{"id":423,"href":"https:\/\/www.akademiapanajana.pl\/index.php\/wp-json\/wp\/v2\/pages\/142\/revisions\/423"}],"wp:attachment":[{"href":"https:\/\/www.akademiapanajana.pl\/index.php\/wp-json\/wp\/v2\/media?parent=142"}],"curies":[{"name":"wp","href":"https:\/\/api.w.org\/{rel}","templated":true}]}}