{"id":45,"date":"2020-04-30T12:49:32","date_gmt":"2020-04-30T12:49:32","guid":{"rendered":"http:\/\/www.akademiapanajana.pl\/?page_id=45"},"modified":"2020-05-05T09:47:59","modified_gmt":"2020-05-05T08:47:59","slug":"strona-glowna","status":"publish","type":"page","link":"https:\/\/www.akademiapanajana.pl\/","title":{"rendered":"Strona g\u0142\u00f3wna"},"content":{"rendered":"<p>[et_pb_section fb_built=&#8221;1&#8243; fullwidth=&#8221;on&#8221; _builder_version=&#8221;4.4.5&#8243;][et_pb_fullwidth_image src=&#8221;https:\/\/www.akademiapanajana.pl\/wp-content\/uploads\/2020\/05\/11-1.jpg&#8221; _builder_version=&#8221;4.4.5&#8243;][\/et_pb_fullwidth_image][\/et_pb_section][et_pb_section fb_built=&#8221;1&#8243; _builder_version=&#8221;3.29.3&#8243;][et_pb_row column_structure=&#8221;2_5,3_5&#8243; _builder_version=&#8221;3.29.3&#8243;][et_pb_column type=&#8221;2_5&#8243; _builder_version=&#8221;3.29.3&#8243;][et_pb_image src=&#8221;https:\/\/www.akademiapanajana.pl\/wp-content\/uploads\/2020\/04\/logoakademia.jpg&#8221; _builder_version=&#8221;3.29.3&#8243;][\/et_pb_image][\/et_pb_column][et_pb_column type=&#8221;3_5&#8243; _builder_version=&#8221;3.29.3&#8243;][et_pb_text _builder_version=&#8221;4.4.5&#8243; text_font_size=&#8221;16px&#8221; text_orientation=&#8221;justified&#8221; custom_margin=&#8221;70px||||false|false&#8221;]<\/p>\n<p style=\"text-align: justify;\"><span>W \u201eMalinowym chru\u015bniaku\u201d spotykali si\u0119 kiedy\u015b poeci Jan Brzechwa i\u00a0Boles\u0142aw Le\u015bmian. To miejsce trwa i zaprasza, a znajduje si\u0119 w I\u0142\u017cy, obok zamkowego wzg\u00f3rza. Poeci odwiedzali tutaj swoj\u0105 ciotk\u0119 Gustaw\u0119 Sunderland, spacerowali po i\u0142\u017ceckich uliczkach, \u0142\u0105kach i w\u0105wozach. <\/span><\/p>\n<p style=\"text-align: justify;\"><span>Nasza Akademia ju\u017c kilka razy go\u015bci\u0142a dzieci, kt\u00f3re recytowa\u0142y utwory Jana Brzechwy, a tak\u017ce doros\u0142ych, kt\u00f3rzy doskonale bawili si\u0119 razem z\u00a0najm\u0142odszymi. Do tej pory mogli\u015bmy korzysta\u0107 z urok\u00f3w ogrodu, a teraz, ze wzgl\u0119du na obiektywne okoliczno\u015bci, musieli\u015bmy przenie\u015b\u0107 si\u0119 do wirtualnej chmury. Honorow\u0105 patronk\u0105 spotka\u0144 jest c\u00f3rka Jana Brzechwy, malarka, Pani Krystyna Brzechwa. <\/span><\/p>\n<p style=\"text-align: justify;\"><span>Poszukajmy wspomnie\u0144 na fotografiach i filmach, si\u0119gnijmy po wiersze Pana Jana, by dzi\u015b jeszcze raz przenie\u015b\u0107 si\u0119 do \u015bwiata wyobra\u017ani.<\/span><\/p>\n<p>[\/et_pb_text][\/et_pb_column][\/et_pb_row][et_pb_row _builder_version=&#8221;4.4.5&#8243;][et_pb_column type=&#8221;4_4&#8243; _builder_version=&#8221;4.4.5&#8243;][et_pb_video src=&#8221;https:\/\/youtu.be\/UFlK3Ltkwcg&#8221; _builder_version=&#8221;4.4.5&#8243;][\/et_pb_video][\/et_pb_column][\/et_pb_row][et_pb_row column_structure=&#8221;3_5,2_5&#8243; _builder_version=&#8221;4.4.4&#8243; max_height=&#8221;600px&#8221;][et_pb_column type=&#8221;3_5&#8243; _builder_version=&#8221;4.4.4&#8243;][et_pb_text _builder_version=&#8221;4.4.5&#8243; custom_padding=&#8221;0px|0px|0px|0px|false|false&#8221; hover_enabled=&#8221;0&#8243; text_orientation=&#8221;justified&#8221;]<\/p>\n<h1>Czekamy na Wasze filmy<\/h1>\n<p><span>Chcemy zach\u0119ci\u0107 do nagrywania i przysy\u0142ania film\u00f3w, do \u201echmury\u201d Akademii Pana Jana, z recytacj\u0105 wierszy Jana Brzechwy, w wykonaniu dzieci. Rodzice i Dziadkowie wykorzystajcie czas, kiedy wszyscy pozostajemy\u00a0<\/span><span>w domach, i zosta\u0144cie tw\u00f3rcami \u2013 filmowcami, aktorami, scenografami\u00a0<\/span><span>i publiczno\u015bci\u0105, w tych miej<\/span><span class=\"text_exposed_show\">scach, w kt\u00f3rych jeste\u015bcie.<\/span><\/p>\n<p>Gdy ju\u017c b\u0119dziecie mieli gotowy filmik z dzieci\u0119c\u0105 recytacj\u0105 wiersza Jana Brzechwy (jeden wiersz w jednym filmie), prosimy o jego opublikowanie na stronie facebook.com\/akademiapanajana (w razie trudno\u015bci z publikacj\u0105 prosimy o kontakt przez e-mail: apj@akademiapanajana.pl).<\/p>\n<p>Po przes\u0142aniu film nie b\u0119dzie od razu widoczny. Musi zosta\u0107 zatwierdzony.<\/p>\n<p>Jakie filmy nie b\u0119d\u0105 zatwierdzane?<\/p>\n<div class=\"text_exposed_show\">\n<p>Takie, kt\u00f3re nie b\u0119d\u0105 zwi\u0105zane z tematyk\u0105, np. zawieraj\u0105ce recytacj\u0119 utwor\u00f3w innych autor\u00f3w, nagrane w niedozwolonym formacie (filmy nagrywane \u201epionowo\u201d), dotycz\u0105ce innych zagadnie\u0144.<\/p>\n<\/div>\n<p>[\/et_pb_text][\/et_pb_column][et_pb_column type=&#8221;2_5&#8243; _builder_version=&#8221;4.4.4&#8243;][et_pb_image src=&#8221;https:\/\/www.akademiapanajana.pl\/wp-content\/uploads\/2020\/04\/IMG_0220.jpg&#8221; title_text=&#8221;IMG_0220&#8243; _builder_version=&#8221;4.4.4&#8243; custom_margin=&#8221;20px||||false|false&#8221;][\/et_pb_image][\/et_pb_column][\/et_pb_row][\/et_pb_section]<\/p>\n","protected":false},"excerpt":{"rendered":"<p>W \u201eMalinowym chru\u015bniaku\u201d spotykali si\u0119 kiedy\u015b poeci Jan Brzechwa i\u00a0Boles\u0142aw Le\u015bmian. To miejsce trwa i zaprasza, a znajduje si\u0119 w I\u0142\u017cy, obok zamkowego wzg\u00f3rza. Poeci odwiedzali tutaj swoj\u0105 ciotk\u0119 Gustaw\u0119 Sunderland, spacerowali po i\u0142\u017ceckich uliczkach, \u0142\u0105kach i w\u0105wozach. Nasza Akademia ju\u017c kilka razy go\u015bci\u0142a dzieci, kt\u00f3re recytowa\u0142y utwory Jana Brzechwy, a tak\u017ce doros\u0142ych, kt\u00f3rzy doskonale [&hellip;]<\/p>\n","protected":false},"author":1,"featured_media":0,"parent":0,"menu_order":0,"comment_status":"closed","ping_status":"closed","template":"","meta":{"_et_pb_use_builder":"on","_et_pb_old_content":"","_et_gb_content_width":"","footnotes":""},"class_list":["post-45","page","type-page","status-publish","hentry"],"_links":{"self":[{"href":"https:\/\/www.akademiapanajana.pl\/index.php\/wp-json\/wp\/v2\/pages\/45","targetHints":{"allow":["GET"]}}],"collection":[{"href":"https:\/\/www.akademiapanajana.pl\/index.php\/wp-json\/wp\/v2\/pages"}],"about":[{"href":"https:\/\/www.akademiapanajana.pl\/index.php\/wp-json\/wp\/v2\/types\/page"}],"author":[{"embeddable":true,"href":"https:\/\/www.akademiapanajana.pl\/index.php\/wp-json\/wp\/v2\/users\/1"}],"replies":[{"embeddable":true,"href":"https:\/\/www.akademiapanajana.pl\/index.php\/wp-json\/wp\/v2\/comments?post=45"}],"version-history":[{"count":28,"href":"https:\/\/www.akademiapanajana.pl\/index.php\/wp-json\/wp\/v2\/pages\/45\/revisions"}],"predecessor-version":[{"id":437,"href":"https:\/\/www.akademiapanajana.pl\/index.php\/wp-json\/wp\/v2\/pages\/45\/revisions\/437"}],"wp:attachment":[{"href":"https:\/\/www.akademiapanajana.pl\/index.php\/wp-json\/wp\/v2\/media?parent=45"}],"curies":[{"name":"wp","href":"https:\/\/api.w.org\/{rel}","templated":true}]}}